{"id":947,"date":"2015-08-18T16:17:08","date_gmt":"2015-08-18T14:17:08","guid":{"rendered":"http:\/\/filmografien.de\/de\/?page_id=947"},"modified":"2021-04-24T15:58:13","modified_gmt":"2021-04-24T13:58:13","slug":"praxis-feiling","status":"publish","type":"page","link":"https:\/\/filmografien.de\/de\/referenzen\/praxis-feiling\/","title":{"rendered":"Praxis Feiling"},"content":{"rendered":"<p>Die Praxis fuer Physiotherapie und med. Trainingstherapie Juliane Feiling<\/p>\n<p>&nbsp;<\/p>\n<p>Sch\u00f6ne R\u00e4ume mit langen W\u00e4nden und hervorragendem Licht \u2013 <a href=\"https:\/\/filmografien.de\/de\/referenzen\/hiz-hausaerzte-im-gesundheitszentrum-winsen-luhe\/\">HIZ im Gesundheitszentrum Winsen\/Luhe<\/a><\/p>\n<p>Der Speisesaal im <a href=\"http:\/\/filmografien.de\/de\/aktuell\/referenzen\/\">Senioren-Zentrum Roeweland<\/a><\/p>\n<p>Ausstellung im <a href=\"http:\/\/filmografien.de\/de\/referenzen\/ausstellung\/\">Kloster Rehna<\/a><\/p>\n<p>Reisef\u00fchrer: <a href=\"http:\/\/filmografien.de\/de\/referenzen\/reisefuehrer\/\">Englische G\u00e4rten<\/a><\/p>\n<p>Die Raeume in der <a href=\"http:\/\/filmografien.de\/de\/referenzen\/praxis-dr-mueller\/\">Praxis Dr. Mueller<\/a><\/p>\n<p>Behandlungs- und Sportraeume in der <a href=\"http:\/\/filmografien.de\/de\/referenzen\/praxis-feiling\/\">Praxis Juliane Feiling<\/a><\/p>\n<p>Kleinhempel auf der <a href=\"http:\/\/filmografien.de\/de\/referenzen\/euroshop-2008\/\">Euroshop 2008<\/a><\/p>\n<p>Kleinhempel auf der <a href=\"http:\/\/filmografien.de\/de\/referenzen\/euroshop-2011\/\">Euroshop 2011<\/a><\/p>\n<p>In den Fluren der <a href=\"http:\/\/filmografien.de\/de\/referenzen\/hsh-nordbank\/\">HSH Nordbank<\/a><\/p>\n<p>Der Konferenzraum der <a href=\"http:\/\/filmografien.de\/de\/referenzen\/hci-capital\/\">HCI Capital<\/a><\/p>\n<p>Private <a href=\"http:\/\/filmografien.de\/de\/referenzen\/privatraeume\/\">Wohn- und Gaestezimmer<\/a><\/p>\n<p>Geschaeftsbericht der <a href=\"http:\/\/filmografien.de\/de\/referenzen\/hww\/\">HWW<\/a><\/p>\n","protected":false},"excerpt":{"rendered":"<p>Die Praxis fuer Physiotherapie und med. Trainingstherapie Juliane Feiling &nbsp; Sch\u00f6ne R\u00e4ume mit langen W\u00e4nden und hervorragendem Licht \u2013 HIZ im Gesundheitszentrum Winsen\/Luhe Der Speisesaal im Senioren-Zentrum Roeweland Ausstellung im Kloster Rehna Reisef\u00fchrer: Englische G\u00e4rten Die Raeume in der Praxis Dr. Mueller Behandlungs- und Sportraeume in der Praxis Juliane Feiling Kleinhempel auf der Euroshop 2008 [&hellip;]<\/p>\n","protected":false},"author":1,"featured_media":0,"parent":525,"menu_order":2,"comment_status":"open","ping_status":"closed","template":"","meta":{"_crdt_document":"","footnotes":""},"class_list":["post-947","page","type-page","status-publish","hentry"],"yoast_head":"<!-- This site is optimized with the Yoast SEO plugin v27.3 - https:\/\/yoast.com\/product\/yoast-seo-wordpress\/ -->\n<title>Praxis Feiling - Filmografien<\/title>\n<meta name=\"robots\" content=\"index, follow, max-snippet:-1, max-image-preview:large, max-video-preview:-1\" \/>\n<link rel=\"canonical\" href=\"https:\/\/filmografien.de\/de\/referenzen\/praxis-feiling\/\" \/>\n<meta property=\"og:locale\" content=\"de_DE\" \/>\n<meta property=\"og:type\" content=\"article\" \/>\n<meta property=\"og:title\" content=\"Praxis Feiling - Filmografien\" \/>\n<meta property=\"og:description\" content=\"Die Praxis fuer Physiotherapie und med. Trainingstherapie Juliane Feiling &nbsp; Sch\u00f6ne R\u00e4ume mit langen W\u00e4nden und hervorragendem Licht \u2013 HIZ im Gesundheitszentrum Winsen\/Luhe Der Speisesaal im Senioren-Zentrum Roeweland Ausstellung im Kloster Rehna Reisef\u00fchrer: Englische G\u00e4rten Die Raeume in der Praxis Dr. Mueller Behandlungs- und Sportraeume in der Praxis Juliane Feiling Kleinhempel auf der Euroshop 2008 [&hellip;]\" \/>\n<meta property=\"og:url\" content=\"https:\/\/filmografien.de\/de\/referenzen\/praxis-feiling\/\" \/>\n<meta property=\"og:site_name\" content=\"Filmografien\" \/>\n<meta property=\"article:modified_time\" content=\"2021-04-24T13:58:13+00:00\" \/>\n<meta name=\"twitter:card\" content=\"summary_large_image\" \/>\n<meta name=\"twitter:label1\" content=\"Gesch\u00e4tzte Lesezeit\" \/>\n\t<meta name=\"twitter:data1\" content=\"1\u00a0Minute\" \/>\n<script type=\"application\/ld+json\" class=\"yoast-schema-graph\">{\"@context\":\"https:\\\/\\\/schema.org\",\"@graph\":[{\"@type\":\"WebPage\",\"@id\":\"https:\\\/\\\/filmografien.de\\\/de\\\/referenzen\\\/praxis-feiling\\\/\",\"url\":\"https:\\\/\\\/filmografien.de\\\/de\\\/referenzen\\\/praxis-feiling\\\/\",\"name\":\"Praxis Feiling - Filmografien\",\"isPartOf\":{\"@id\":\"https:\\\/\\\/filmografien.de\\\/de\\\/#website\"},\"datePublished\":\"2015-08-18T14:17:08+00:00\",\"dateModified\":\"2021-04-24T13:58:13+00:00\",\"breadcrumb\":{\"@id\":\"https:\\\/\\\/filmografien.de\\\/de\\\/referenzen\\\/praxis-feiling\\\/#breadcrumb\"},\"inLanguage\":\"de\",\"potentialAction\":[{\"@type\":\"ReadAction\",\"target\":[\"https:\\\/\\\/filmografien.de\\\/de\\\/referenzen\\\/praxis-feiling\\\/\"]}]},{\"@type\":\"BreadcrumbList\",\"@id\":\"https:\\\/\\\/filmografien.de\\\/de\\\/referenzen\\\/praxis-feiling\\\/#breadcrumb\",\"itemListElement\":[{\"@type\":\"ListItem\",\"position\":1,\"name\":\"Home\",\"item\":\"https:\\\/\\\/filmografien.de\\\/de\\\/\"},{\"@type\":\"ListItem\",\"position\":2,\"name\":\"Referenzen\",\"item\":\"https:\\\/\\\/filmografien.de\\\/de\\\/referenzen\\\/\"},{\"@type\":\"ListItem\",\"position\":3,\"name\":\"Praxis Feiling\"}]},{\"@type\":\"WebSite\",\"@id\":\"https:\\\/\\\/filmografien.de\\\/de\\\/#website\",\"url\":\"https:\\\/\\\/filmografien.de\\\/de\\\/\",\"name\":\"Filmografien\",\"description\":\"echt lange Bilder\",\"potentialAction\":[{\"@type\":\"SearchAction\",\"target\":{\"@type\":\"EntryPoint\",\"urlTemplate\":\"https:\\\/\\\/filmografien.de\\\/de\\\/?s={search_term_string}\"},\"query-input\":{\"@type\":\"PropertyValueSpecification\",\"valueRequired\":true,\"valueName\":\"search_term_string\"}}],\"inLanguage\":\"de\"}]}<\/script>\n<!-- \/ Yoast SEO plugin. -->","yoast_head_json":{"title":"Praxis Feiling - Filmografien","robots":{"index":"index","follow":"follow","max-snippet":"max-snippet:-1","max-image-preview":"max-image-preview:large","max-video-preview":"max-video-preview:-1"},"canonical":"https:\/\/filmografien.de\/de\/referenzen\/praxis-feiling\/","og_locale":"de_DE","og_type":"article","og_title":"Praxis Feiling - Filmografien","og_description":"Die Praxis fuer Physiotherapie und med. Trainingstherapie Juliane Feiling &nbsp; Sch\u00f6ne R\u00e4ume mit langen W\u00e4nden und hervorragendem Licht \u2013 HIZ im Gesundheitszentrum Winsen\/Luhe Der Speisesaal im Senioren-Zentrum Roeweland Ausstellung im Kloster Rehna Reisef\u00fchrer: Englische G\u00e4rten Die Raeume in der Praxis Dr. Mueller Behandlungs- und Sportraeume in der Praxis Juliane Feiling Kleinhempel auf der Euroshop 2008 [&hellip;]","og_url":"https:\/\/filmografien.de\/de\/referenzen\/praxis-feiling\/","og_site_name":"Filmografien","article_modified_time":"2021-04-24T13:58:13+00:00","twitter_card":"summary_large_image","twitter_misc":{"Gesch\u00e4tzte Lesezeit":"1\u00a0Minute"},"schema":{"@context":"https:\/\/schema.org","@graph":[{"@type":"WebPage","@id":"https:\/\/filmografien.de\/de\/referenzen\/praxis-feiling\/","url":"https:\/\/filmografien.de\/de\/referenzen\/praxis-feiling\/","name":"Praxis Feiling - Filmografien","isPartOf":{"@id":"https:\/\/filmografien.de\/de\/#website"},"datePublished":"2015-08-18T14:17:08+00:00","dateModified":"2021-04-24T13:58:13+00:00","breadcrumb":{"@id":"https:\/\/filmografien.de\/de\/referenzen\/praxis-feiling\/#breadcrumb"},"inLanguage":"de","potentialAction":[{"@type":"ReadAction","target":["https:\/\/filmografien.de\/de\/referenzen\/praxis-feiling\/"]}]},{"@type":"BreadcrumbList","@id":"https:\/\/filmografien.de\/de\/referenzen\/praxis-feiling\/#breadcrumb","itemListElement":[{"@type":"ListItem","position":1,"name":"Home","item":"https:\/\/filmografien.de\/de\/"},{"@type":"ListItem","position":2,"name":"Referenzen","item":"https:\/\/filmografien.de\/de\/referenzen\/"},{"@type":"ListItem","position":3,"name":"Praxis Feiling"}]},{"@type":"WebSite","@id":"https:\/\/filmografien.de\/de\/#website","url":"https:\/\/filmografien.de\/de\/","name":"Filmografien","description":"echt lange Bilder","potentialAction":[{"@type":"SearchAction","target":{"@type":"EntryPoint","urlTemplate":"https:\/\/filmografien.de\/de\/?s={search_term_string}"},"query-input":{"@type":"PropertyValueSpecification","valueRequired":true,"valueName":"search_term_string"}}],"inLanguage":"de"}]}},"_links":{"self":[{"href":"https:\/\/filmografien.de\/de\/wp-json\/wp\/v2\/pages\/947","targetHints":{"allow":["GET"]}}],"collection":[{"href":"https:\/\/filmografien.de\/de\/wp-json\/wp\/v2\/pages"}],"about":[{"href":"https:\/\/filmografien.de\/de\/wp-json\/wp\/v2\/types\/page"}],"author":[{"embeddable":true,"href":"https:\/\/filmografien.de\/de\/wp-json\/wp\/v2\/users\/1"}],"replies":[{"embeddable":true,"href":"https:\/\/filmografien.de\/de\/wp-json\/wp\/v2\/comments?post=947"}],"version-history":[{"count":9,"href":"https:\/\/filmografien.de\/de\/wp-json\/wp\/v2\/pages\/947\/revisions"}],"predecessor-version":[{"id":3028,"href":"https:\/\/filmografien.de\/de\/wp-json\/wp\/v2\/pages\/947\/revisions\/3028"}],"up":[{"embeddable":true,"href":"https:\/\/filmografien.de\/de\/wp-json\/wp\/v2\/pages\/525"}],"wp:attachment":[{"href":"https:\/\/filmografien.de\/de\/wp-json\/wp\/v2\/media?parent=947"}],"curies":[{"name":"wp","href":"https:\/\/api.w.org\/{rel}","templated":true}]}}