{"id":12,"date":"2014-09-10T22:53:41","date_gmt":"2014-09-10T20:53:41","guid":{"rendered":"http:\/\/filmografien.de\/de\/?page_id=12"},"modified":"2025-08-06T17:09:43","modified_gmt":"2025-08-06T15:09:43","slug":"home","status":"publish","type":"page","link":"https:\/\/filmografien.de\/de\/","title":{"rendered":"Home"},"content":{"rendered":"<h5>filmografie &#8211; chronologische Fotografie<\/h5>\n<p>&nbsp;<\/p>\n<p id=\"pexetocaret\">In der Jazzhall durfte ich ein wundersch\u00f6nes Konzert von Cl\u00e9mence Manach\u00e8re mit ihrer Band &#8222;Unterwasser&#8220; und Helge Sunde miterleben und filmografisch festhalten.<\/p>\n<p>Diese Aufnahmen, sowie Bilder, die einfach zu lang sind, um sie als Bild zu pr\u00e4sentieren, sind <a href=\"https:\/\/filmografien.de\/de\/aktuell\/\">hier<\/a> zu finden<\/p>\n<div>\n<p>&nbsp;<\/p>\n<\/div>\n<div id=\"pexetocaret\"><\/div>\n<p>&nbsp;<\/p>\n<p>&nbsp;<\/p>\n","protected":false},"excerpt":{"rendered":"<p>filmografie &#8211; chronologische Fotografie &nbsp; In der Jazzhall durfte ich ein wundersch\u00f6nes Konzert von Cl\u00e9mence Manach\u00e8re mit ihrer Band &#8222;Unterwasser&#8220; und Helge Sunde miterleben und filmografisch festhalten. Diese Aufnahmen, sowie Bilder, die einfach zu lang sind, um sie als Bild zu pr\u00e4sentieren, sind hier zu finden &nbsp; &nbsp; &nbsp;<\/p>\n","protected":false},"author":1,"featured_media":4368,"parent":0,"menu_order":0,"comment_status":"open","ping_status":"closed","template":"template-home.php","meta":{"_crdt_document":"","footnotes":""},"class_list":["post-12","page","type-page","status-publish","has-post-thumbnail","hentry"],"yoast_head":"<!-- This site is optimized with the Yoast SEO plugin v27.3 - https:\/\/yoast.com\/product\/yoast-seo-wordpress\/ -->\n<title>Home - Filmografien<\/title>\n<meta name=\"description\" content=\"Bent Szameitat zeigt filmografien, eine Synthese aus Film und Fotografie. Lange Bilder. Extreme Formate, Raumgestaltung. Wasser, Venedig, Nordsee, England\" \/>\n<meta name=\"robots\" content=\"index, follow, max-snippet:-1, max-image-preview:large, max-video-preview:-1\" \/>\n<link rel=\"canonical\" href=\"https:\/\/filmografien.de\/de\/\" \/>\n<meta property=\"og:locale\" content=\"de_DE\" \/>\n<meta property=\"og:type\" content=\"article\" \/>\n<meta property=\"og:title\" content=\"Home - Filmografien\" \/>\n<meta property=\"og:description\" content=\"Bent Szameitat zeigt filmografien, eine Synthese aus Film und Fotografie. Lange Bilder. Extreme Formate, Raumgestaltung. Wasser, Venedig, Nordsee, England\" \/>\n<meta property=\"og:url\" content=\"https:\/\/filmografien.de\/de\/\" \/>\n<meta property=\"og:site_name\" content=\"Filmografien\" \/>\n<meta property=\"article:modified_time\" content=\"2025-08-06T15:09:43+00:00\" \/>\n<meta property=\"og:image\" content=\"http:\/\/filmografien.de\/de\/wp-content\/uploads\/home__MU_029_tristan-koester_004.jpg\" \/>\n\t<meta property=\"og:image:width\" content=\"980\" \/>\n\t<meta property=\"og:image:height\" content=\"255\" \/>\n\t<meta property=\"og:image:type\" content=\"image\/jpeg\" \/>\n<meta name=\"twitter:card\" content=\"summary_large_image\" \/>\n<meta name=\"twitter:label1\" content=\"Gesch\u00e4tzte Lesezeit\" \/>\n\t<meta name=\"twitter:data1\" content=\"1\u00a0Minute\" \/>\n<script type=\"application\/ld+json\" class=\"yoast-schema-graph\">{\"@context\":\"https:\\\/\\\/schema.org\",\"@graph\":[{\"@type\":\"WebPage\",\"@id\":\"https:\\\/\\\/filmografien.de\\\/de\\\/\",\"url\":\"https:\\\/\\\/filmografien.de\\\/de\\\/\",\"name\":\"Home - Filmografien\",\"isPartOf\":{\"@id\":\"https:\\\/\\\/filmografien.de\\\/de\\\/#website\"},\"primaryImageOfPage\":{\"@id\":\"https:\\\/\\\/filmografien.de\\\/de\\\/#primaryimage\"},\"image\":{\"@id\":\"https:\\\/\\\/filmografien.de\\\/de\\\/#primaryimage\"},\"thumbnailUrl\":\"https:\\\/\\\/filmografien.de\\\/de\\\/wp-content\\\/uploads\\\/home__MU_029_tristan-koester_004.jpg\",\"datePublished\":\"2014-09-10T20:53:41+00:00\",\"dateModified\":\"2025-08-06T15:09:43+00:00\",\"description\":\"Bent Szameitat zeigt filmografien, eine Synthese aus Film und Fotografie. Lange Bilder. Extreme Formate, Raumgestaltung. Wasser, Venedig, Nordsee, England\",\"breadcrumb\":{\"@id\":\"https:\\\/\\\/filmografien.de\\\/de\\\/#breadcrumb\"},\"inLanguage\":\"de\",\"potentialAction\":[{\"@type\":\"ReadAction\",\"target\":[\"https:\\\/\\\/filmografien.de\\\/de\\\/\"]}]},{\"@type\":\"ImageObject\",\"inLanguage\":\"de\",\"@id\":\"https:\\\/\\\/filmografien.de\\\/de\\\/#primaryimage\",\"url\":\"https:\\\/\\\/filmografien.de\\\/de\\\/wp-content\\\/uploads\\\/home__MU_029_tristan-koester_004.jpg\",\"contentUrl\":\"https:\\\/\\\/filmografien.de\\\/de\\\/wp-content\\\/uploads\\\/home__MU_029_tristan-koester_004.jpg\",\"width\":980,\"height\":255},{\"@type\":\"BreadcrumbList\",\"@id\":\"https:\\\/\\\/filmografien.de\\\/de\\\/#breadcrumb\",\"itemListElement\":[{\"@type\":\"ListItem\",\"position\":1,\"name\":\"Home\",\"item\":\"https:\\\/\\\/filmografien.de\\\/de\\\/\"},{\"@type\":\"ListItem\",\"position\":2,\"name\":\"Home\"}]},{\"@type\":\"WebSite\",\"@id\":\"https:\\\/\\\/filmografien.de\\\/de\\\/#website\",\"url\":\"https:\\\/\\\/filmografien.de\\\/de\\\/\",\"name\":\"Filmografien\",\"description\":\"echt lange Bilder\",\"potentialAction\":[{\"@type\":\"SearchAction\",\"target\":{\"@type\":\"EntryPoint\",\"urlTemplate\":\"https:\\\/\\\/filmografien.de\\\/de\\\/?s={search_term_string}\"},\"query-input\":{\"@type\":\"PropertyValueSpecification\",\"valueRequired\":true,\"valueName\":\"search_term_string\"}}],\"inLanguage\":\"de\"}]}<\/script>\n<!-- \/ Yoast SEO plugin. -->","yoast_head_json":{"title":"Home - Filmografien","description":"Bent Szameitat zeigt filmografien, eine Synthese aus Film und Fotografie. Lange Bilder. Extreme Formate, Raumgestaltung. Wasser, Venedig, Nordsee, England","robots":{"index":"index","follow":"follow","max-snippet":"max-snippet:-1","max-image-preview":"max-image-preview:large","max-video-preview":"max-video-preview:-1"},"canonical":"https:\/\/filmografien.de\/de\/","og_locale":"de_DE","og_type":"article","og_title":"Home - Filmografien","og_description":"Bent Szameitat zeigt filmografien, eine Synthese aus Film und Fotografie. Lange Bilder. Extreme Formate, Raumgestaltung. Wasser, Venedig, Nordsee, England","og_url":"https:\/\/filmografien.de\/de\/","og_site_name":"Filmografien","article_modified_time":"2025-08-06T15:09:43+00:00","og_image":[{"width":980,"height":255,"url":"http:\/\/filmografien.de\/de\/wp-content\/uploads\/home__MU_029_tristan-koester_004.jpg","type":"image\/jpeg"}],"twitter_card":"summary_large_image","twitter_misc":{"Gesch\u00e4tzte Lesezeit":"1\u00a0Minute"},"schema":{"@context":"https:\/\/schema.org","@graph":[{"@type":"WebPage","@id":"https:\/\/filmografien.de\/de\/","url":"https:\/\/filmografien.de\/de\/","name":"Home - Filmografien","isPartOf":{"@id":"https:\/\/filmografien.de\/de\/#website"},"primaryImageOfPage":{"@id":"https:\/\/filmografien.de\/de\/#primaryimage"},"image":{"@id":"https:\/\/filmografien.de\/de\/#primaryimage"},"thumbnailUrl":"https:\/\/filmografien.de\/de\/wp-content\/uploads\/home__MU_029_tristan-koester_004.jpg","datePublished":"2014-09-10T20:53:41+00:00","dateModified":"2025-08-06T15:09:43+00:00","description":"Bent Szameitat zeigt filmografien, eine Synthese aus Film und Fotografie. Lange Bilder. Extreme Formate, Raumgestaltung. Wasser, Venedig, Nordsee, England","breadcrumb":{"@id":"https:\/\/filmografien.de\/de\/#breadcrumb"},"inLanguage":"de","potentialAction":[{"@type":"ReadAction","target":["https:\/\/filmografien.de\/de\/"]}]},{"@type":"ImageObject","inLanguage":"de","@id":"https:\/\/filmografien.de\/de\/#primaryimage","url":"https:\/\/filmografien.de\/de\/wp-content\/uploads\/home__MU_029_tristan-koester_004.jpg","contentUrl":"https:\/\/filmografien.de\/de\/wp-content\/uploads\/home__MU_029_tristan-koester_004.jpg","width":980,"height":255},{"@type":"BreadcrumbList","@id":"https:\/\/filmografien.de\/de\/#breadcrumb","itemListElement":[{"@type":"ListItem","position":1,"name":"Home","item":"https:\/\/filmografien.de\/de\/"},{"@type":"ListItem","position":2,"name":"Home"}]},{"@type":"WebSite","@id":"https:\/\/filmografien.de\/de\/#website","url":"https:\/\/filmografien.de\/de\/","name":"Filmografien","description":"echt lange Bilder","potentialAction":[{"@type":"SearchAction","target":{"@type":"EntryPoint","urlTemplate":"https:\/\/filmografien.de\/de\/?s={search_term_string}"},"query-input":{"@type":"PropertyValueSpecification","valueRequired":true,"valueName":"search_term_string"}}],"inLanguage":"de"}]}},"_links":{"self":[{"href":"https:\/\/filmografien.de\/de\/wp-json\/wp\/v2\/pages\/12","targetHints":{"allow":["GET"]}}],"collection":[{"href":"https:\/\/filmografien.de\/de\/wp-json\/wp\/v2\/pages"}],"about":[{"href":"https:\/\/filmografien.de\/de\/wp-json\/wp\/v2\/types\/page"}],"author":[{"embeddable":true,"href":"https:\/\/filmografien.de\/de\/wp-json\/wp\/v2\/users\/1"}],"replies":[{"embeddable":true,"href":"https:\/\/filmografien.de\/de\/wp-json\/wp\/v2\/comments?post=12"}],"version-history":[{"count":119,"href":"https:\/\/filmografien.de\/de\/wp-json\/wp\/v2\/pages\/12\/revisions"}],"predecessor-version":[{"id":3553,"href":"https:\/\/filmografien.de\/de\/wp-json\/wp\/v2\/pages\/12\/revisions\/3553"}],"wp:featuredmedia":[{"embeddable":true,"href":"https:\/\/filmografien.de\/de\/wp-json\/wp\/v2\/media\/4368"}],"wp:attachment":[{"href":"https:\/\/filmografien.de\/de\/wp-json\/wp\/v2\/media?parent=12"}],"curies":[{"name":"wp","href":"https:\/\/api.w.org\/{rel}","templated":true}]}}